{"id":128878,"date":"2025-02-28T14:01:25","date_gmt":"2025-02-28T12:01:25","guid":{"rendered":"https:\/\/dev.kavaalya.com\/?post_type=product&#038;p=128878"},"modified":"2025-02-28T14:05:30","modified_gmt":"2025-02-28T12:05:30","slug":"200-saatlik-yoga-ogretmenligi-kursu-cevrimici-haziran-2025","status":"publish","type":"product","link":"https:\/\/dev.kavaalya.com\/tr\/urun\/200-saatlik-yoga-ogretmenligi-kursu-cevrimici-haziran-2025\/","title":{"rendered":"200 Saatlik Yoga \u00d6\u011fretmenli\u011fi Kursu &#8211; Haziran 2025"},"content":{"rendered":"","protected":false},"excerpt":{"rendered":"","protected":false},"featured_media":128879,"template":"","meta":[],"product_brand":[],"product_cat":[],"product_tag":[],"class_list":{"0":"post-128878","1":"product","2":"type-product","3":"status-publish","4":"has-post-thumbnail","6":"has-subscription-plans","8":"first","9":"instock","10":"virtual","11":"sold-individually","12":"purchasable","13":"product-type-simple"},"_links":{"self":[{"href":"https:\/\/dev.kavaalya.com\/tr\/wp-json\/wp\/v2\/product\/128878","targetHints":{"allow":["GET"]}}],"collection":[{"href":"https:\/\/dev.kavaalya.com\/tr\/wp-json\/wp\/v2\/product"}],"about":[{"href":"https:\/\/dev.kavaalya.com\/tr\/wp-json\/wp\/v2\/types\/product"}],"wp:featuredmedia":[{"embeddable":true,"href":"https:\/\/dev.kavaalya.com\/tr\/wp-json\/wp\/v2\/media\/128879"}],"wp:attachment":[{"href":"https:\/\/dev.kavaalya.com\/tr\/wp-json\/wp\/v2\/media?parent=128878"}],"wp:term":[{"taxonomy":"product_brand","embeddable":true,"href":"https:\/\/dev.kavaalya.com\/tr\/wp-json\/wp\/v2\/product_brand?post=128878"},{"taxonomy":"product_cat","embeddable":true,"href":"https:\/\/dev.kavaalya.com\/tr\/wp-json\/wp\/v2\/product_cat?post=128878"},{"taxonomy":"product_tag","embeddable":true,"href":"https:\/\/dev.kavaalya.com\/tr\/wp-json\/wp\/v2\/product_tag?post=128878"}],"curies":[{"name":"wp","href":"https:\/\/api.w.org\/{rel}","templated":true}]}}