{"id":120073,"date":"2024-12-14T15:43:10","date_gmt":"2024-12-14T13:43:10","guid":{"rendered":"https:\/\/dev.kavaalya.com\/custom-my-account\/"},"modified":"2025-02-12T16:41:14","modified_gmt":"2025-02-12T14:41:14","slug":"custom-my-account","status":"publish","type":"page","link":"https:\/\/dev.kavaalya.com\/tr\/custom-my-account\/","title":{"rendered":"WP &#8211; My account (TR)"},"content":{"rendered":"\t\t<div data-elementor-type=\"wp-page\" data-elementor-id=\"120073\" class=\"elementor elementor-120073 elementor-120051\" data-elementor-post-type=\"page\">\n\t\t\t\t<div class=\"elementor-element elementor-element-c7cc6e5 e-flex e-con-boxed e-con e-parent\" data-id=\"c7cc6e5\" data-element_type=\"container\" data-e-type=\"container\">\n\t\t\t\t\t<div class=\"e-con-inner\">\n\t\t\t\t<div class=\"elementor-element elementor-element-e1311fb e-my-account-tabs-horizontal elementor-widget elementor-widget-woocommerce-my-account\" data-id=\"e1311fb\" data-element_type=\"widget\" data-e-type=\"widget\" data-widget_type=\"woocommerce-my-account.default\">\n\t\t\t\t<div class=\"elementor-widget-container\">\n\t\t\t\t\t<div class=\"e-my-account-tab e-my-account-tab__ \">\t\t\t<div class=\"woocommerce\"><\/div>\t\t<\/div>\n\t\t\t\t\t\t<\/div>\n\t\t\t\t<\/div>\n\t\t\t\t\t<\/div>\n\t\t\t\t<\/div>\n\t\t\t\t<\/div>\n\t\t","protected":false},"excerpt":{"rendered":"<p>G\u00f6sterge Paneli Sipari\u015fler Adresler Payment methods Hesap Bilgileri \u00c7\u0131k\u0131\u015f Yap G\u00f6sterge Paneli Sipari\u015fler Adresler Payment methods Hesap Bilgileri \u00c7\u0131k\u0131\u015f Yap G\u00f6sterge Paneli Sipari\u015fler Adresler Payment methods Hesap Bilgileri \u00c7\u0131k\u0131\u015f Yap G\u00f6sterge Paneli Sipari\u015fler Adresler Payment methods Hesap Bilgileri \u00c7\u0131k\u0131\u015f Yap Hello admin (not admin? Log out) From your account dashboard you can view your recent [&hellip;]<\/p>\n","protected":false},"author":1,"featured_media":0,"parent":0,"menu_order":0,"comment_status":"closed","ping_status":"closed","template":"","meta":{"footnotes":""},"class_list":["post-120073","page","type-page","status-publish","hentry"],"_links":{"self":[{"href":"https:\/\/dev.kavaalya.com\/tr\/wp-json\/wp\/v2\/pages\/120073","targetHints":{"allow":["GET"]}}],"collection":[{"href":"https:\/\/dev.kavaalya.com\/tr\/wp-json\/wp\/v2\/pages"}],"about":[{"href":"https:\/\/dev.kavaalya.com\/tr\/wp-json\/wp\/v2\/types\/page"}],"author":[{"embeddable":true,"href":"https:\/\/dev.kavaalya.com\/tr\/wp-json\/wp\/v2\/users\/1"}],"replies":[{"embeddable":true,"href":"https:\/\/dev.kavaalya.com\/tr\/wp-json\/wp\/v2\/comments?post=120073"}],"version-history":[{"count":0,"href":"https:\/\/dev.kavaalya.com\/tr\/wp-json\/wp\/v2\/pages\/120073\/revisions"}],"wp:attachment":[{"href":"https:\/\/dev.kavaalya.com\/tr\/wp-json\/wp\/v2\/media?parent=120073"}],"curies":[{"name":"wp","href":"https:\/\/api.w.org\/{rel}","templated":true}]}}