{"id":90175,"date":"2023-12-04T13:53:33","date_gmt":"2023-12-04T11:53:33","guid":{"rendered":"https:\/\/dev.kavaalya.com\/minha-conta\/"},"modified":"2025-09-22T14:45:27","modified_gmt":"2025-09-22T12:45:27","slug":"minha-conta","status":"publish","type":"page","link":"https:\/\/dev.kavaalya.com\/pt-br\/minha-conta\/","title":{"rendered":"WP &#8211; My account (PT)"},"content":{"rendered":"\t\t<div data-elementor-type=\"wp-page\" data-elementor-id=\"90175\" class=\"elementor elementor-90175 elementor-90153\" data-elementor-post-type=\"page\">\n\t\t\t\t<div class=\"elementor-element elementor-element-4c3ab5ce e-flex e-con-boxed e-con e-parent\" data-id=\"4c3ab5ce\" data-element_type=\"container\" data-e-type=\"container\">\n\t\t\t\t\t<div class=\"e-con-inner\">\n\t\t\t\t<div class=\"elementor-element elementor-element-0ddfba1 e-my-account-tabs-vertical elementor-widget elementor-widget-woocommerce-my-account\" data-id=\"0ddfba1\" data-element_type=\"widget\" data-e-type=\"widget\" data-widget_type=\"woocommerce-my-account.default\">\n\t\t\t\t<div class=\"elementor-widget-container\">\n\t\t\t\t\t<div class=\"e-my-account-tab e-my-account-tab__ \">\t\t\t<div class=\"woocommerce\"><\/div>\t\t<\/div>\n\t\t\t\t\t\t<\/div>\n\t\t\t\t<\/div>\n\t\t\t\t\t<\/div>\n\t\t\t\t<\/div>\n\t\t\t\t<\/div>\n\t\t","protected":false},"excerpt":{"rendered":"<p>Painel Pedidos Endere\u00e7os Detalhes da conta Sair Ol\u00e1, admin (n\u00e3o \u00e9 admin? Sair) A partir do painel de controle de sua conta, voc\u00ea pode ver suas compras recentes, gerenciar seus endere\u00e7o de faturamento, e editar sua senha e detalhes da conta.<\/p>\n","protected":false},"author":1,"featured_media":0,"parent":0,"menu_order":0,"comment_status":"closed","ping_status":"closed","template":"","meta":{"footnotes":""},"class_list":["post-90175","page","type-page","status-publish","hentry"],"_links":{"self":[{"href":"https:\/\/dev.kavaalya.com\/pt-br\/wp-json\/wp\/v2\/pages\/90175","targetHints":{"allow":["GET"]}}],"collection":[{"href":"https:\/\/dev.kavaalya.com\/pt-br\/wp-json\/wp\/v2\/pages"}],"about":[{"href":"https:\/\/dev.kavaalya.com\/pt-br\/wp-json\/wp\/v2\/types\/page"}],"author":[{"embeddable":true,"href":"https:\/\/dev.kavaalya.com\/pt-br\/wp-json\/wp\/v2\/users\/1"}],"replies":[{"embeddable":true,"href":"https:\/\/dev.kavaalya.com\/pt-br\/wp-json\/wp\/v2\/comments?post=90175"}],"version-history":[{"count":0,"href":"https:\/\/dev.kavaalya.com\/pt-br\/wp-json\/wp\/v2\/pages\/90175\/revisions"}],"wp:attachment":[{"href":"https:\/\/dev.kavaalya.com\/pt-br\/wp-json\/wp\/v2\/media?parent=90175"}],"curies":[{"name":"wp","href":"https:\/\/api.w.org\/{rel}","templated":true}]}}