{"id":141836,"date":"2024-12-14T15:43:10","date_gmt":"2024-12-14T13:43:10","guid":{"rendered":"https:\/\/dev.kavaalya.com\/custom-my-account\/"},"modified":"2025-06-04T13:14:44","modified_gmt":"2025-06-04T11:14:44","slug":"custom-my-account","status":"publish","type":"page","link":"https:\/\/dev.kavaalya.com\/el\/custom-my-account\/","title":{"rendered":"WP &#8211; My account (EL)"},"content":{"rendered":"\t\t<div data-elementor-type=\"wp-page\" data-elementor-id=\"141836\" class=\"elementor elementor-141836 elementor-120051\" data-elementor-post-type=\"page\">\n\t\t\t\t<div class=\"elementor-element elementor-element-c7cc6e5 e-flex e-con-boxed e-con e-parent\" data-id=\"c7cc6e5\" data-element_type=\"container\" data-e-type=\"container\">\n\t\t\t\t\t<div class=\"e-con-inner\">\n\t\t\t\t<div class=\"elementor-element elementor-element-e1311fb e-my-account-tabs-horizontal elementor-widget elementor-widget-woocommerce-my-account\" data-id=\"e1311fb\" data-element_type=\"widget\" data-e-type=\"widget\" data-widget_type=\"woocommerce-my-account.default\">\n\t\t\t\t<div class=\"elementor-widget-container\">\n\t\t\t\t\t<div class=\"e-my-account-tab e-my-account-tab__ \">\t\t\t<div class=\"woocommerce\"><\/div>\t\t<\/div>\n\t\t\t\t\t\t<\/div>\n\t\t\t\t<\/div>\n\t\t\t\t\t<\/div>\n\t\t\t\t<\/div>\n\t\t\t\t<\/div>\n\t\t","protected":false},"excerpt":{"rendered":"<p>\u03a0\u03af\u03bd\u03b1\u03ba\u03b1\u03c2 \u03b5\u03bb\u03ad\u03b3\u03c7\u03bf\u03c5 Objedn\u00e1vky Adresy \u039c\u03ad\u03b8\u03bf\u03b4\u03bf\u03b9 \u03c0\u03bb\u03b7\u03c1\u03c9\u03bc\u03ae\u03c2 \u00dadaje o \u00fa\u010dtu Odhl\u00e1sit se \u03a0\u03af\u03bd\u03b1\u03ba\u03b1\u03c2 \u03b5\u03bb\u03ad\u03b3\u03c7\u03bf\u03c5 Objedn\u00e1vky Adresy \u039c\u03ad\u03b8\u03bf\u03b4\u03bf\u03b9 \u03c0\u03bb\u03b7\u03c1\u03c9\u03bc\u03ae\u03c2 \u00dadaje o \u00fa\u010dtu Odhl\u00e1sit se \u03a0\u03af\u03bd\u03b1\u03ba\u03b1\u03c2 \u03b5\u03bb\u03ad\u03b3\u03c7\u03bf\u03c5 Objedn\u00e1vky Adresy \u039c\u03ad\u03b8\u03bf\u03b4\u03bf\u03b9 \u03c0\u03bb\u03b7\u03c1\u03c9\u03bc\u03ae\u03c2 \u00dadaje o \u00fa\u010dtu Odhl\u00e1sit se \u03a0\u03af\u03bd\u03b1\u03ba\u03b1\u03c2 \u03b5\u03bb\u03ad\u03b3\u03c7\u03bf\u03c5 Objedn\u00e1vky Adresy \u039c\u03ad\u03b8\u03bf\u03b4\u03bf\u03b9 \u03c0\u03bb\u03b7\u03c1\u03c9\u03bc\u03ae\u03c2 \u00dadaje o \u00fa\u010dtu Odhl\u00e1sit se \u0393\u03b5\u03b9\u03b1 \u03c3\u03b1\u03c2 admin (\u03b4\u03b5\u03bd \u03b5\u03af\u03c3\u03c4\u03b5 \u03bf\/\u03b7 admin; \u0391\u03c0\u03bf\u03c3\u03c5\u03bd\u03b4\u03b5\u03b8\u03b5\u03af\u03c4\u03b5) \u0391\u03c0\u03cc \u03c4\u03bf\u03bd \u03c0\u03af\u03bd\u03b1\u03ba\u03b1 [&hellip;]<\/p>\n","protected":false},"author":1,"featured_media":0,"parent":0,"menu_order":0,"comment_status":"closed","ping_status":"closed","template":"","meta":{"footnotes":""},"class_list":["post-141836","page","type-page","status-publish","hentry"],"_links":{"self":[{"href":"https:\/\/dev.kavaalya.com\/el\/wp-json\/wp\/v2\/pages\/141836","targetHints":{"allow":["GET"]}}],"collection":[{"href":"https:\/\/dev.kavaalya.com\/el\/wp-json\/wp\/v2\/pages"}],"about":[{"href":"https:\/\/dev.kavaalya.com\/el\/wp-json\/wp\/v2\/types\/page"}],"author":[{"embeddable":true,"href":"https:\/\/dev.kavaalya.com\/el\/wp-json\/wp\/v2\/users\/1"}],"replies":[{"embeddable":true,"href":"https:\/\/dev.kavaalya.com\/el\/wp-json\/wp\/v2\/comments?post=141836"}],"version-history":[{"count":0,"href":"https:\/\/dev.kavaalya.com\/el\/wp-json\/wp\/v2\/pages\/141836\/revisions"}],"wp:attachment":[{"href":"https:\/\/dev.kavaalya.com\/el\/wp-json\/wp\/v2\/media?parent=141836"}],"curies":[{"name":"wp","href":"https:\/\/api.w.org\/{rel}","templated":true}]}}